{"id":11,"date":"2019-01-17T16:36:04","date_gmt":"2019-01-17T15:36:04","guid":{"rendered":"http:\/\/www.generationenbahnhof.de\/?page_id=11"},"modified":"2026-05-06T10:23:20","modified_gmt":"2026-05-06T08:23:20","slug":"startseite","status":"publish","type":"page","link":"https:\/\/www.generationenbahnhof.de\/startseite\/","title":{"rendered":"Start"},"content":{"rendered":"<p><div class=\"fusion-fullwidth fullwidth-box fusion-builder-row-1 fusion-flex-container nonhundred-percent-fullwidth non-hundred-percent-height-scrolling\" style=\"background-color: rgba(255,255,255,0);background-position: center center;background-repeat: no-repeat;border-width: 0px 0px 0px 0px;border-color:#eae9e9;border-style:solid;\" ><div class=\"fusion-builder-row fusion-row fusion-flex-align-items-flex-start\" style=\"max-width:1144px;margin-left: calc(-4% \/ 2 );margin-right: calc(-4% \/ 2 );\"><div class=\"fusion-layout-column fusion_builder_column fusion-builder-column-0 fusion_builder_column_1_1 1_1 fusion-flex-column\"><div class=\"fusion-column-wrapper fusion-flex-justify-content-flex-start fusion-content-layout-column\" style=\"background-position:left top;background-repeat:no-repeat;-webkit-background-size:cover;-moz-background-size:cover;-o-background-size:cover;background-size:cover;padding: 0px 0px 0px 0px;\"><div class=\"fusion-text fusion-text-1\"><h1><strong>Interview mit dem Denkmalnetz Sachsen<\/strong><\/h1>\n<p>Anfang 2026 besuchte uns das Denkmalnetz Sachsen. Hier k\u00f6nnt ihr das Interview ansehen: <a href=\"https:\/\/www.denkmalnetzsachsen.de\/beitraege\/bahnhof-erlau\" target=\"_blank\" rel=\"noopener\">https:\/\/www.denkmalnetzsachsen.de\/beitraege\/bahnhof-erlau<\/a><\/p>\n<\/div><div class=\"fusion-text fusion-text-2\"><h1><strong>Unser Projektvideo ist online!<\/strong><\/h1>\n<p><a href=\"https:\/\/vimeo.com\/1131485852\/8a3cb11001\" target=\"_blank\" rel=\"noopener\">Hier<\/a> k\u00f6nnt ihr es ansehen \ud83d\ude42<\/p>\n<\/div><\/div><style type=\"text\/css\">.fusion-body .fusion-builder-column-0{width:100% !important;margin-top : 0px;margin-bottom : 20px;}.fusion-builder-column-0 > .fusion-column-wrapper {padding-top : 0px !important;padding-right : 0px !important;margin-right : 1.92%;padding-bottom : 0px !important;padding-left : 0px !important;margin-left : 1.92%;}@media only screen and (max-width:1024px) {.fusion-body .fusion-builder-column-0{width:100% !important;order : 0;}.fusion-builder-column-0 > .fusion-column-wrapper {margin-right : 1.92%;margin-left : 1.92%;}}@media only screen and (max-width:640px) {.fusion-body .fusion-builder-column-0{width:100% !important;order : 0;}.fusion-builder-column-0 > .fusion-column-wrapper {margin-right : 1.92%;margin-left : 1.92%;}}<\/style><\/div><\/div><style type=\"text\/css\">.fusion-body .fusion-flex-container.fusion-builder-row-1{ padding-top : 0px;margin-top : 0px;padding-right : 0px;padding-bottom : 0px;margin-bottom : 0px;padding-left : 0px;}<\/style><\/div><div class=\"fusion-fullwidth fullwidth-box fusion-builder-row-2 fusion-flex-container nonhundred-percent-fullwidth non-hundred-percent-height-scrolling\" style=\"background-color: rgba(255,255,255,0);background-position: center center;background-repeat: no-repeat;border-width: 0px 0px 0px 0px;border-color:#eae9e9;border-style:solid;\" ><div class=\"fusion-builder-row fusion-row fusion-flex-align-items-flex-start\" style=\"max-width:1144px;margin-left: calc(-4% \/ 2 );margin-right: calc(-4% \/ 2 );\"><\/div><style type=\"text\/css\">.fusion-body .fusion-flex-container.fusion-builder-row-2{ padding-top : 0px;margin-top : 0px;padding-right : 0px;padding-bottom : 0px;margin-bottom : 0px;padding-left : 0px;}<\/style><\/div><div class=\"fusion-fullwidth fullwidth-box fusion-builder-row-3 nonhundred-percent-fullwidth non-hundred-percent-height-scrolling\" style=\"background-color: rgba(255,255,255,0);background-position: center center;background-repeat: no-repeat;padding-top:0px;padding-right:0px;padding-bottom:0px;padding-left:0px;margin-bottom: 0px;margin-top: 0px;border-width: 0px 0px 0px 0px;border-color:#eae9e9;border-style:solid;\" ><div class=\"fusion-builder-row fusion-row\"><div class=\"fusion-layout-column fusion_builder_column fusion-builder-column-1 fusion_builder_column_1_1 1_1 fusion-one-full fusion-column-first fusion-column-last\" style=\"margin-top:0px;margin-bottom:20px;\"><div class=\"fusion-column-wrapper fusion-flex-column-wrapper-legacy\" style=\"background-position:left top;background-repeat:no-repeat;-webkit-background-size:cover;-moz-background-size:cover;-o-background-size:cover;background-size:cover;padding: 0px 0px 0px 0px;\"><div class=\"fusion-text fusion-text-3\"><hr \/>\n<h1><span style=\"font-family: Amatic SC; color: #cc3a4f;\"><span style=\"font-size: xx-large;\">ALTES HAUS &#8211; NEUES LEBEN !<\/span><\/span><\/h1>\n<h1><\/h1>\n<\/div><div class=\"imageframe-align-center\"><span class=\" fusion-imageframe imageframe-none imageframe-1 hover-type-none\"><img decoding=\"async\" width=\"1797\" height=\"776\" title=\"alt-neu-WEB\" src=\"https:\/\/www.generationenbahnhof.de\/wp-content\/uploads\/2025\/10\/alt-neu-WEB-1.jpg\" class=\"img-responsive wp-image-1147\" srcset=\"https:\/\/www.generationenbahnhof.de\/wp-content\/uploads\/2025\/10\/alt-neu-WEB-1-200x86.jpg 200w, https:\/\/www.generationenbahnhof.de\/wp-content\/uploads\/2025\/10\/alt-neu-WEB-1-400x173.jpg 400w, https:\/\/www.generationenbahnhof.de\/wp-content\/uploads\/2025\/10\/alt-neu-WEB-1-600x259.jpg 600w, https:\/\/www.generationenbahnhof.de\/wp-content\/uploads\/2025\/10\/alt-neu-WEB-1-800x345.jpg 800w, https:\/\/www.generationenbahnhof.de\/wp-content\/uploads\/2025\/10\/alt-neu-WEB-1-1200x518.jpg 1200w, https:\/\/www.generationenbahnhof.de\/wp-content\/uploads\/2025\/10\/alt-neu-WEB-1.jpg 1797w\" sizes=\"(max-width: 800px) 100vw, 1200px\" \/><\/span><\/div><div class=\"fusion-text fusion-text-4\"><p>Hier wollen wir unsere Geschichte erz\u00e4hlen &#8211; die Geschichte des Generationenbahnhofes. Es ist uns gelungen, ein f\u00fcr den Ort bedeutendes Geb\u00e4ude zu retten und ihm eine neue, sinnvolle Nutzung zu geben. Heute gehen die Erlauer und ihre G\u00e4ste ganz selbstverst\u00e4ndlich ein und aus. Im B\u00fcrgerbereich finden viele Veranstaltungen statt. Die Seniorentagespflege unterst\u00fctzt die Menschen im Ort. Eine Zahnarztpraxis sichert die zahnmedizinische Versorgung.<\/p>\n<p>Noch vor wenigen Jahren h\u00e4tten wir das nicht gedacht &#8211; aus einer Vision ist Wirklichkeit geworden!<\/p>\n<p>Schaut euch auf unserer Webseite um und erfahrt mehr \u00fcber unser Projekt \ud83d\ude42<\/p>\n<\/div><div class=\"fusion-clearfix\"><\/div><\/div><\/div><\/div><\/div><\/p>\n","protected":false},"excerpt":{"rendered":"","protected":false},"author":1,"featured_media":0,"parent":0,"menu_order":0,"comment_status":"closed","ping_status":"closed","template":"","meta":{"footnotes":""},"class_list":["post-11","page","type-page","status-publish","hentry"],"_links":{"self":[{"href":"https:\/\/www.generationenbahnhof.de\/startseite\/wp-json\/wp\/v2\/pages\/11","targetHints":{"allow":["GET"]}}],"collection":[{"href":"https:\/\/www.generationenbahnhof.de\/startseite\/wp-json\/wp\/v2\/pages"}],"about":[{"href":"https:\/\/www.generationenbahnhof.de\/startseite\/wp-json\/wp\/v2\/types\/page"}],"author":[{"embeddable":true,"href":"https:\/\/www.generationenbahnhof.de\/startseite\/wp-json\/wp\/v2\/users\/1"}],"replies":[{"embeddable":true,"href":"https:\/\/www.generationenbahnhof.de\/startseite\/wp-json\/wp\/v2\/comments?post=11"}],"version-history":[{"count":276,"href":"https:\/\/www.generationenbahnhof.de\/startseite\/wp-json\/wp\/v2\/pages\/11\/revisions"}],"predecessor-version":[{"id":1261,"href":"https:\/\/www.generationenbahnhof.de\/startseite\/wp-json\/wp\/v2\/pages\/11\/revisions\/1261"}],"wp:attachment":[{"href":"https:\/\/www.generationenbahnhof.de\/startseite\/wp-json\/wp\/v2\/media?parent=11"}],"curies":[{"name":"wp","href":"https:\/\/api.w.org\/{rel}","templated":true}]}}